{"id":2507,"date":"2018-11-19T10:26:05","date_gmt":"2018-11-19T09:26:05","guid":{"rendered":"http:\/\/ferne-welten.com\/?page_id=2507"},"modified":"2022-01-16T11:30:10","modified_gmt":"2022-01-16T10:30:10","slug":"ueber-diesen-blog","status":"publish","type":"page","link":"https:\/\/ferne-welten.com\/?page_id=2507","title":{"rendered":"\u00dcber diesen Blog"},"content":{"rendered":"<p style=\"text-align: justify;\">An dieser Stelle befasse ich mich mit der Genese der deutschen Ideologie, der Barbarei kapitalistischer \u00d6konomie und den regressiven Mobilmachungen der Gegenwart. Als Referent und Autor schreibe ich in meinem Weblog \u00fcber Mahnwachen, Mythen und Musizierende. Au\u00dferdem berichte ich, Martin Wassermann, \u00fcber Produkte der Kulturindustrie.<\/p>\n<p style=\"text-align: left;\">Ihr findet mich auch auf <a href=\"https:\/\/twitter.com\/eiskaltland\" target=\"_blank\" rel=\"noopener noreferrer\">Twitter<\/a>.<\/p>\n","protected":false},"excerpt":{"rendered":"<p>An dieser Stelle befasse ich mich mit der Genese der deutschen Ideologie, der Barbarei kapitalistischer \u00d6konomie und den regressiven Mobilmachungen der Gegenwart. Als Referent und Autor schreibe ich in meinem Weblog \u00fcber Mahnwachen, Mythen und Musizierende. Au\u00dferdem berichte ich, Martin&#8230;<br \/><a class=\"read-more-button\" href=\"https:\/\/ferne-welten.com\/?page_id=2507\">Read more<\/a><\/p>\n","protected":false},"author":1,"featured_media":0,"parent":0,"menu_order":0,"comment_status":"closed","ping_status":"closed","template":"","meta":{"footnotes":""},"class_list":["post-2507","page","type-page","status-publish","hentry"],"_links":{"self":[{"href":"https:\/\/ferne-welten.com\/index.php?rest_route=\/wp\/v2\/pages\/2507","targetHints":{"allow":["GET"]}}],"collection":[{"href":"https:\/\/ferne-welten.com\/index.php?rest_route=\/wp\/v2\/pages"}],"about":[{"href":"https:\/\/ferne-welten.com\/index.php?rest_route=\/wp\/v2\/types\/page"}],"author":[{"embeddable":true,"href":"https:\/\/ferne-welten.com\/index.php?rest_route=\/wp\/v2\/users\/1"}],"replies":[{"embeddable":true,"href":"https:\/\/ferne-welten.com\/index.php?rest_route=%2Fwp%2Fv2%2Fcomments&post=2507"}],"version-history":[{"count":7,"href":"https:\/\/ferne-welten.com\/index.php?rest_route=\/wp\/v2\/pages\/2507\/revisions"}],"predecessor-version":[{"id":3528,"href":"https:\/\/ferne-welten.com\/index.php?rest_route=\/wp\/v2\/pages\/2507\/revisions\/3528"}],"wp:attachment":[{"href":"https:\/\/ferne-welten.com\/index.php?rest_route=%2Fwp%2Fv2%2Fmedia&parent=2507"}],"curies":[{"name":"wp","href":"https:\/\/api.w.org\/{rel}","templated":true}]}}